{"id":262,"date":"2025-01-25T16:46:19","date_gmt":"2025-01-25T19:46:19","guid":{"rendered":"https:\/\/saltoseg.com.br\/site\/?page_id=262"},"modified":"2025-03-30T18:53:27","modified_gmt":"2025-03-30T21:53:27","slug":"quem-somos","status":"publish","type":"page","link":"https:\/\/saltoseg.com.br\/site\/quem-somos\/","title":{"rendered":"Quem Somos"},"content":{"rendered":"\t\t<div data-elementor-type=\"wp-page\" data-elementor-id=\"262\" class=\"elementor elementor-262\" data-elementor-post-type=\"page\">\n\t\t\t\t<div class=\"elementor-element elementor-element-67884ff e-flex e-con-boxed e-con e-parent\" data-id=\"67884ff\" data-element_type=\"container\" data-e-type=\"container\">\n\t\t\t\t\t<div class=\"e-con-inner\">\n\t\t<div class=\"elementor-element elementor-element-5de4031 e-con-full e-flex e-con e-child\" data-id=\"5de4031\" data-element_type=\"container\" data-e-type=\"container\">\n\t\t\t\t<div class=\"elementor-element elementor-element-ce6716a elementor-widget elementor-widget-image\" data-id=\"ce6716a\" data-element_type=\"widget\" data-e-type=\"widget\" data-widget_type=\"image.default\">\n\t\t\t\t<div class=\"elementor-widget-container\">\n\t\t\t\t\t\t\t\t\t\t\t\t\t\t\t<img fetchpriority=\"high\" decoding=\"async\" width=\"600\" height=\"400\" src=\"https:\/\/saltoseg.com.br\/site\/wp-content\/uploads\/2025\/03\/quem-somos.jpg\" class=\"attachment-large size-large wp-image-430\" alt=\"\" srcset=\"https:\/\/saltoseg.com.br\/site\/wp-content\/uploads\/2025\/03\/quem-somos.jpg 600w, https:\/\/saltoseg.com.br\/site\/wp-content\/uploads\/2025\/03\/quem-somos-300x200.jpg 300w\" sizes=\"(max-width: 600px) 100vw, 600px\" \/>\t\t\t\t\t\t\t\t\t\t\t\t\t\t\t<\/div>\n\t\t\t\t<\/div>\n\t\t\t\t<\/div>\n\t\t<div class=\"elementor-element elementor-element-fe572a0 e-con-full e-flex e-con e-child\" data-id=\"fe572a0\" data-element_type=\"container\" data-e-type=\"container\">\n\t\t\t\t<div class=\"elementor-element elementor-element-492582b elementor-widget elementor-widget-heading\" data-id=\"492582b\" data-element_type=\"widget\" data-e-type=\"widget\" data-widget_type=\"heading.default\">\n\t\t\t\t<div class=\"elementor-widget-container\">\n\t\t\t\t\t<h2 class=\"elementor-heading-title elementor-size-default\">Quem Somos<\/h2>\t\t\t\t<\/div>\n\t\t\t\t<\/div>\n\t\t\t\t<div class=\"elementor-element elementor-element-bd61587 elementor-widget elementor-widget-text-editor\" data-id=\"bd61587\" data-element_type=\"widget\" data-e-type=\"widget\" data-widget_type=\"text-editor.default\">\n\t\t\t\t<div class=\"elementor-widget-container\">\n\t\t\t\t\t\t\t\t\t<p>A SaltoSeg consultoria, foi fundada em novembro de 2016 por nosso diretor Carlos Izidio. Devido a uma crise financeira que o pa\u00eds enfrentaria no mesmo ano, nosso fundador foi demitido por redu\u00e7\u00e3o de custos de seu emprego. Em seguida foi convidado para realizar um curso de forma\u00e7\u00e3o de CIPA (comiss\u00e3o interna de preven\u00e7\u00e3o de acidente) sendo seu primeiro desafio como empreendedor, prestador de servi\u00e7o e compartilhando seu conhecimento em seguran\u00e7a do trabalho e formando parceria com nosso primeiro cliente na cidade de Indaiatuba\/SP.<\/p><p>Atualmente com mais de 5 anos no mercado, estamos localizados em Salto\/SP, cidade que nos deu origem ao nosso nome SALTOSEG e trabalhamos com solu\u00e7\u00f5es de seguran\u00e7a do trabalho, assessorando, capacitando e conscientizando colaboradores de nossos clientes, promovendo programas e medidas para redu\u00e7\u00e3o dos riscos de acidentes em ambientes do trabalho, fazemos o gerenciamento ao atendimento das exig\u00eancias de normas regulamentadoras e leis trabalhistas conforme vossa necessidade. Venha nos conhecer e formar uma grande parceria, adorar\u00edamos poder evoluir com voc\u00ea fazendo parte da hist\u00f3ria.<\/p>\t\t\t\t\t\t\t\t<\/div>\n\t\t\t\t<\/div>\n\t\t\t\t<\/div>\n\t\t\t\t\t<\/div>\n\t\t\t\t<\/div>\n\t\t<div class=\"elementor-element elementor-element-6132cde e-flex e-con-boxed e-con e-parent\" data-id=\"6132cde\" data-element_type=\"container\" data-e-type=\"container\" data-settings=\"{&quot;background_background&quot;:&quot;classic&quot;}\">\n\t\t\t\t\t<div class=\"e-con-inner\">\n\t\t<div class=\"elementor-element elementor-element-0e95e70 e-con-full e-flex e-con e-child\" data-id=\"0e95e70\" data-element_type=\"container\" data-e-type=\"container\">\n\t\t\t\t<div class=\"elementor-element elementor-element-ff745e5 elementor-widget elementor-widget-heading\" data-id=\"ff745e5\" data-element_type=\"widget\" data-e-type=\"widget\" data-widget_type=\"heading.default\">\n\t\t\t\t<div class=\"elementor-widget-container\">\n\t\t\t\t\t<h2 class=\"elementor-heading-title elementor-size-default\">&gt; Miss\u00e3o<\/h2>\t\t\t\t<\/div>\n\t\t\t\t<\/div>\n\t\t\t\t<div class=\"elementor-element elementor-element-c43d861 elementor-widget elementor-widget-text-editor\" data-id=\"c43d861\" data-element_type=\"widget\" data-e-type=\"widget\" data-widget_type=\"text-editor.default\">\n\t\t\t\t<div class=\"elementor-widget-container\">\n\t\t\t\t\t\t\t\t\t<p><strong>Proporcionar os melhores servi\u00e7os de conscientiza\u00e7\u00e3o em seguran\u00e7a do trabalho e prover solu\u00e7\u00f5es de preven\u00e7\u00e3o de riscos ambientais e ocupacionais.<\/strong><\/p>\t\t\t\t\t\t\t\t<\/div>\n\t\t\t\t<\/div>\n\t\t\t\t<\/div>\n\t\t<div class=\"elementor-element elementor-element-a0e7b47 e-con-full e-flex e-con e-child\" data-id=\"a0e7b47\" data-element_type=\"container\" data-e-type=\"container\">\n\t\t\t\t<div class=\"elementor-element elementor-element-911636d elementor-widget elementor-widget-heading\" data-id=\"911636d\" data-element_type=\"widget\" data-e-type=\"widget\" data-widget_type=\"heading.default\">\n\t\t\t\t<div class=\"elementor-widget-container\">\n\t\t\t\t\t<h2 class=\"elementor-heading-title elementor-size-default\">&gt; Vis\u00e3o<\/h2>\t\t\t\t<\/div>\n\t\t\t\t<\/div>\n\t\t\t\t<div class=\"elementor-element elementor-element-b09a93b elementor-widget elementor-widget-text-editor\" data-id=\"b09a93b\" data-element_type=\"widget\" data-e-type=\"widget\" data-widget_type=\"text-editor.default\">\n\t\t\t\t<div class=\"elementor-widget-container\">\n\t\t\t\t\t\t\t\t\t<p><strong>Temos o compromisso de nos tornarmos refer\u00eancia em consultoria de seguran\u00e7a do trabalho, mantendo a confian\u00e7a de todos envolvidos para que continuem acreditando em nossos trabalhos.<\/strong><\/p>\t\t\t\t\t\t\t\t<\/div>\n\t\t\t\t<\/div>\n\t\t\t\t<\/div>\n\t\t<div class=\"elementor-element elementor-element-1425e0a e-con-full e-flex e-con e-child\" data-id=\"1425e0a\" data-element_type=\"container\" data-e-type=\"container\">\n\t\t\t\t<div class=\"elementor-element elementor-element-8c1d8cb elementor-widget elementor-widget-heading\" data-id=\"8c1d8cb\" data-element_type=\"widget\" data-e-type=\"widget\" data-widget_type=\"heading.default\">\n\t\t\t\t<div class=\"elementor-widget-container\">\n\t\t\t\t\t<h2 class=\"elementor-heading-title elementor-size-default\">&gt; Valores<\/h2>\t\t\t\t<\/div>\n\t\t\t\t<\/div>\n\t\t\t\t<div class=\"elementor-element elementor-element-95c1fb2 elementor-widget elementor-widget-text-editor\" data-id=\"95c1fb2\" data-element_type=\"widget\" data-e-type=\"widget\" data-widget_type=\"text-editor.default\">\n\t\t\t\t<div class=\"elementor-widget-container\">\n\t\t\t\t\t\t\t\t\t<p><strong>Honestidade, transpar\u00eancia, respeito e comprometimento com nossos desafios.<\/strong><\/p>\t\t\t\t\t\t\t\t<\/div>\n\t\t\t\t<\/div>\n\t\t\t\t<\/div>\n\t\t\t\t\t<\/div>\n\t\t\t\t<\/div>\n\t\t\t\t<\/div>\n\t\t","protected":false},"excerpt":{"rendered":"<p>Quem Somos A SaltoSeg consultoria, foi fundada em novembro de 2016 por nosso diretor Carlos Izidio. Devido a uma crise financeira que o pa\u00eds enfrentaria no mesmo ano, nosso fundador foi demitido por redu\u00e7\u00e3o de custos de seu emprego. Em seguida foi convidado para realizar um curso de forma\u00e7\u00e3o de CIPA (comiss\u00e3o interna de preven\u00e7\u00e3o [&hellip;]<\/p>\n","protected":false},"author":1,"featured_media":0,"parent":0,"menu_order":0,"comment_status":"closed","ping_status":"closed","template":"elementor_header_footer","meta":{"_joinchat":[],"footnotes":""},"class_list":["post-262","page","type-page","status-publish","hentry"],"_links":{"self":[{"href":"https:\/\/saltoseg.com.br\/site\/wp-json\/wp\/v2\/pages\/262","targetHints":{"allow":["GET"]}}],"collection":[{"href":"https:\/\/saltoseg.com.br\/site\/wp-json\/wp\/v2\/pages"}],"about":[{"href":"https:\/\/saltoseg.com.br\/site\/wp-json\/wp\/v2\/types\/page"}],"author":[{"embeddable":true,"href":"https:\/\/saltoseg.com.br\/site\/wp-json\/wp\/v2\/users\/1"}],"replies":[{"embeddable":true,"href":"https:\/\/saltoseg.com.br\/site\/wp-json\/wp\/v2\/comments?post=262"}],"version-history":[{"count":19,"href":"https:\/\/saltoseg.com.br\/site\/wp-json\/wp\/v2\/pages\/262\/revisions"}],"predecessor-version":[{"id":436,"href":"https:\/\/saltoseg.com.br\/site\/wp-json\/wp\/v2\/pages\/262\/revisions\/436"}],"wp:attachment":[{"href":"https:\/\/saltoseg.com.br\/site\/wp-json\/wp\/v2\/media?parent=262"}],"curies":[{"name":"wp","href":"https:\/\/api.w.org\/{rel}","templated":true}]}}